{"id":316,"date":"2024-02-09T07:00:24","date_gmt":"2024-02-09T06:00:24","guid":{"rendered":"https:\/\/vipeon.es\/politica-de-privacidade\/"},"modified":"2024-02-16T20:24:52","modified_gmt":"2024-02-16T19:24:52","slug":"politica-de-privacidade","status":"publish","type":"page","link":"https:\/\/vipeon.es\/pt-pt\/politica-de-privacidade\/","title":{"rendered":"Pol\u00edtica de privacidade"},"content":{"rendered":"<h2 class=\"wp-block-heading\">Quem somos<\/h2><p><strong class=\"privacy-policy-tutorial\">Texto sugerido: <\/strong>O endere\u00e7o do nosso s\u00edtio Web \u00e9: https:\/\/vipeon.es.<\/p><h2 class=\"wp-block-heading\">Coment\u00e1rios<\/h2><p><strong class=\"privacy-policy-tutorial\">Texto sugerido: <\/strong>Quando os visitantes deixam coment\u00e1rios no s\u00edtio Web, recolhemos os dados apresentados no formul\u00e1rio de coment\u00e1rio, bem como o endere\u00e7o IP do visitante e a cadeia de agentes do utilizador do navegador para ajudar na dete\u00e7\u00e3o de spam.<\/p><p>Uma cadeia an\u00f3nima criada a partir do seu endere\u00e7o de correio eletr\u00f3nico (tamb\u00e9m designada por hash) pode ser fornecida ao servi\u00e7o Gravatar para verificar se o est\u00e1 a utilizar. A pol\u00edtica de privacidade do servi\u00e7o Gravatar est\u00e1 dispon\u00edvel aqui: https:\/\/automattic.com\/privacy\/. Ap\u00f3s a aprova\u00e7\u00e3o do seu coment\u00e1rio, a sua fotografia de perfil fica vis\u00edvel para o p\u00fablico no contexto do seu coment\u00e1rio.<\/p><h2 class=\"wp-block-heading\">Media<\/h2><p><strong class=\"privacy-policy-tutorial\">Texto sugerido: <\/strong>Se carregar imagens para a Web, deve evitar carregar imagens com dados de localiza\u00e7\u00e3o (EXIF GPS) inclu\u00eddos. Os visitantes do s\u00edtio Web podem descarregar e extrair quaisquer dados de localiza\u00e7\u00e3o das imagens no s\u00edtio Web.<\/p><h2 class=\"wp-block-heading\">Biscoitos<\/h2><p><strong class=\"privacy-policy-tutorial\">Texto sugerido: <\/strong>Se deixar um coment\u00e1rio no nosso s\u00edtio, pode optar por guardar o seu nome, endere\u00e7o de correio eletr\u00f3nico e s\u00edtio Web nos cookies. Isto \u00e9 para sua conveni\u00eancia, para que n\u00e3o tenha de preencher os seus dados novamente quando deixar outro coment\u00e1rio. Estas bolachas duram um ano.<\/p><p>Se tiver uma conta e iniciar sess\u00e3o neste s\u00edtio, definiremos um cookie tempor\u00e1rio para determinar se o seu browser aceita cookies. Este cookie n\u00e3o cont\u00e9m dados pessoais e \u00e9 eliminado quando o utilizador fecha o seu browser.<\/p><p>Quando inicia sess\u00e3o, tamb\u00e9m definimos uma s\u00e9rie de cookies para armazenar as suas informa\u00e7\u00f5es de in\u00edcio de sess\u00e3o e op\u00e7\u00f5es de visualiza\u00e7\u00e3o do ecr\u00e3. Os cookies de in\u00edcio de sess\u00e3o t\u00eam uma dura\u00e7\u00e3o de dois dias e os cookies de op\u00e7\u00f5es de visualiza\u00e7\u00e3o t\u00eam uma dura\u00e7\u00e3o de um ano. Se selecionar &#8220;Lembrar-me&#8221;, o seu acesso ter\u00e1 uma dura\u00e7\u00e3o de duas semanas. Se sair da sua conta, os seus cookies de in\u00edcio de sess\u00e3o ser\u00e3o eliminados.<\/p><p>Se editar ou publicar um artigo, ser\u00e1 guardado um cookie adicional no seu browser. Este cookie n\u00e3o inclui dados pessoais e indica simplesmente o ID do artigo que acabou de editar. Expira ap\u00f3s 1 dia.<\/p><h2 class=\"wp-block-heading\">Conte\u00fado incorporado de outros s\u00edtios Web<\/h2><p><strong class=\"privacy-policy-tutorial\">Texto sugerido: <\/strong>Os artigos deste s\u00edtio podem incluir conte\u00fados incorporados (por exemplo, v\u00eddeos, imagens, artigos, etc.). O conte\u00fado incorporado de outros s\u00edtios Web comporta-se exatamente da mesma forma como se o visitante tivesse visitado o outro s\u00edtio Web.<\/p><p>Estes s\u00edtios Web podem recolher dados sobre o utilizador, utilizar cookies, incorporar rastreio adicional de terceiros e monitorizar a sua intera\u00e7\u00e3o com esse conte\u00fado incorporado, incluindo o rastreio da sua intera\u00e7\u00e3o com o conte\u00fado incorporado se tiver uma conta e estiver ligado a esse s\u00edtio Web.<\/p><h2 class=\"wp-block-heading\">Com quem partilhamos os seus dados<\/h2><p><strong class=\"privacy-policy-tutorial\">Texto sugerido: <\/strong>Se solicitar uma redefini\u00e7\u00e3o da palavra-passe, o seu endere\u00e7o IP ser\u00e1 inclu\u00eddo na mensagem de correio eletr\u00f3nico de redefini\u00e7\u00e3o.<\/p><h2 class=\"wp-block-heading\">Durante quanto tempo conservamos os seus dados<\/h2><p><strong class=\"privacy-policy-tutorial\">Texto sugerido: <\/strong>Se deixar um coment\u00e1rio, o coment\u00e1rio e os seus metadados s\u00e3o conservados indefinidamente. Isto \u00e9 para que possamos reconhecer e aprovar automaticamente os coment\u00e1rios sucessivos, em vez de os mantermos numa fila de modera\u00e7\u00e3o.<\/p><p>Dos utilizadores que se registam no nosso s\u00edtio Web (se for o caso), tamb\u00e9m guardamos as informa\u00e7\u00f5es pessoais que fornecem no seu perfil de utilizador. Todos os utilizadores podem ver, editar ou apagar as suas informa\u00e7\u00f5es pessoais em qualquer altura (exceto que n\u00e3o podem alterar o seu nome de utilizador). Os administradores do s\u00edtio tamb\u00e9m podem ver e editar estas informa\u00e7\u00f5es.<\/p><h2 class=\"wp-block-heading\">Que direitos tem sobre os seus dados<\/h2><p><strong class=\"privacy-policy-tutorial\">Texto sugerido: <\/strong>Se tiver uma conta ou tiver deixado coment\u00e1rios neste s\u00edtio Web, pode pedir para receber um ficheiro de exporta\u00e7\u00e3o dos dados pessoais que temos sobre si, incluindo quaisquer dados que nos tenha fornecido. Tamb\u00e9m pode solicitar a elimina\u00e7\u00e3o de quaisquer dados pessoais que tenhamos sobre si. Isto n\u00e3o inclui quaisquer dados que sejamos obrigados a reter para fins administrativos, legais ou de seguran\u00e7a.<\/p><h2 class=\"wp-block-heading\">Para onde s\u00e3o enviados os seus dados<\/h2><p><strong class=\"privacy-policy-tutorial\">Texto sugerido: <\/strong>Os coment\u00e1rios dos visitantes podem ser verificados por um servi\u00e7o autom\u00e1tico de dete\u00e7\u00e3o de spam.<\/p>","protected":false},"excerpt":{"rendered":"<p>Quem somos Texto sugerido: O endere\u00e7o do nosso s\u00edtio Web \u00e9: https:\/\/vipeon.es. Coment\u00e1rios Texto sugerido: Quando os visitantes deixam coment\u00e1rios no s\u00edtio Web, recolhemos os dados apresentados no formul\u00e1rio de coment\u00e1rio, bem como o endere\u00e7o IP do visitante e a cadeia de agentes do utilizador do navegador para ajudar na dete\u00e7\u00e3o de spam. Uma cadeia [&hellip;]<\/p>\n","protected":false},"author":1,"featured_media":0,"parent":0,"menu_order":0,"comment_status":"closed","ping_status":"closed","template":"","meta":{"_acf_changed":false,"footnotes":""},"class_list":["post-316","page","type-page","status-publish","hentry"],"acf":[],"yoast_head":"<!-- This site is optimized with the Yoast SEO plugin v22.0 - https:\/\/yoast.com\/wordpress\/plugins\/seo\/ -->\n<title>Pol\u00edtica de privacidade - Nutrici\u00f3n avanzada para perros.<\/title>\n<meta name=\"robots\" content=\"index, follow, max-snippet:-1, max-image-preview:large, max-video-preview:-1\" \/>\n<link rel=\"canonical\" href=\"https:\/\/vipeon.es\/pt-pt\/politica-de-privacidade\/\" \/>\n<meta property=\"og:locale\" content=\"pt_PT\" \/>\n<meta property=\"og:type\" content=\"article\" \/>\n<meta property=\"og:title\" content=\"Pol\u00edtica de privacidade - Nutrici\u00f3n avanzada para perros.\" \/>\n<meta property=\"og:description\" content=\"Quem somos Texto sugerido: O endere\u00e7o do nosso s\u00edtio Web \u00e9: https:\/\/vipeon.es. Coment\u00e1rios Texto sugerido: Quando os visitantes deixam coment\u00e1rios no s\u00edtio Web, recolhemos os dados apresentados no formul\u00e1rio de coment\u00e1rio, bem como o endere\u00e7o IP do visitante e a cadeia de agentes do utilizador do navegador para ajudar na dete\u00e7\u00e3o de spam. Uma cadeia [&hellip;]\" \/>\n<meta property=\"og:url\" content=\"https:\/\/vipeon.es\/pt-pt\/politica-de-privacidade\/\" \/>\n<meta property=\"og:site_name\" content=\"Nutrici\u00f3n avanzada para perros.\" \/>\n<meta property=\"article:publisher\" content=\"https:\/\/www.facebook.com\/profile.php?id=100050576705776\" \/>\n<meta property=\"article:modified_time\" content=\"2024-02-16T19:24:52+00:00\" \/>\n<meta name=\"twitter:card\" content=\"summary_large_image\" \/>\n<meta name=\"twitter:label1\" content=\"Tempo estimado de leitura\" \/>\n\t<meta name=\"twitter:data1\" content=\"4 minutos\" \/>\n<script type=\"application\/ld+json\" class=\"yoast-schema-graph\">{\"@context\":\"https:\/\/schema.org\",\"@graph\":[{\"@type\":\"WebPage\",\"@id\":\"https:\/\/vipeon.es\/pt-pt\/politica-de-privacidade\/\",\"url\":\"https:\/\/vipeon.es\/pt-pt\/politica-de-privacidade\/\",\"name\":\"Pol\u00edtica de privacidade - Nutrici\u00f3n avanzada para perros.\",\"isPartOf\":{\"@id\":\"https:\/\/vipeon.es\/pt-pt\/#website\"},\"datePublished\":\"2024-02-09T06:00:24+00:00\",\"dateModified\":\"2024-02-16T19:24:52+00:00\",\"breadcrumb\":{\"@id\":\"https:\/\/vipeon.es\/pt-pt\/politica-de-privacidade\/#breadcrumb\"},\"inLanguage\":\"pt-PT\",\"potentialAction\":[{\"@type\":\"ReadAction\",\"target\":[\"https:\/\/vipeon.es\/pt-pt\/politica-de-privacidade\/\"]}]},{\"@type\":\"BreadcrumbList\",\"@id\":\"https:\/\/vipeon.es\/pt-pt\/politica-de-privacidade\/#breadcrumb\",\"itemListElement\":[{\"@type\":\"ListItem\",\"position\":1,\"name\":\"Portada\",\"item\":\"https:\/\/vipeon.es\/pt-pt\/\"},{\"@type\":\"ListItem\",\"position\":2,\"name\":\"Pol\u00edtica de privacidade\"}]},{\"@type\":\"WebSite\",\"@id\":\"https:\/\/vipeon.es\/pt-pt\/#website\",\"url\":\"https:\/\/vipeon.es\/pt-pt\/\",\"name\":\"Vipeon Food Classic & Pro\",\"description\":\"Conocimientos sobre cuidado y nutrici\u00f3n en los perros.\",\"publisher\":{\"@id\":\"https:\/\/vipeon.es\/pt-pt\/#organization\"},\"potentialAction\":[{\"@type\":\"SearchAction\",\"target\":{\"@type\":\"EntryPoint\",\"urlTemplate\":\"https:\/\/vipeon.es\/pt-pt\/?s={search_term_string}\"},\"query-input\":\"required name=search_term_string\"}],\"inLanguage\":\"pt-PT\"},{\"@type\":\"Organization\",\"@id\":\"https:\/\/vipeon.es\/pt-pt\/#organization\",\"name\":\"Vipeon\",\"url\":\"https:\/\/vipeon.es\/pt-pt\/\",\"logo\":{\"@type\":\"ImageObject\",\"inLanguage\":\"pt-PT\",\"@id\":\"https:\/\/vipeon.es\/pt-pt\/#\/schema\/logo\/image\/\",\"url\":\"https:\/\/vipeon.es\/wp-content\/uploads\/2024\/02\/Logo1-VIPEON-300x100-01.png\",\"contentUrl\":\"https:\/\/vipeon.es\/wp-content\/uploads\/2024\/02\/Logo1-VIPEON-300x100-01.png\",\"width\":1250,\"height\":418,\"caption\":\"Vipeon\"},\"image\":{\"@id\":\"https:\/\/vipeon.es\/pt-pt\/#\/schema\/logo\/image\/\"},\"sameAs\":[\"https:\/\/www.facebook.com\/profile.php?id=100050576705776\",\"https:\/\/www.instagram.com\/vipeon\/\"]}]}<\/script>\n<!-- \/ Yoast SEO plugin. -->","yoast_head_json":{"title":"Pol\u00edtica de privacidade - Nutrici\u00f3n avanzada para perros.","robots":{"index":"index","follow":"follow","max-snippet":"max-snippet:-1","max-image-preview":"max-image-preview:large","max-video-preview":"max-video-preview:-1"},"canonical":"https:\/\/vipeon.es\/pt-pt\/politica-de-privacidade\/","og_locale":"pt_PT","og_type":"article","og_title":"Pol\u00edtica de privacidade - Nutrici\u00f3n avanzada para perros.","og_description":"Quem somos Texto sugerido: O endere\u00e7o do nosso s\u00edtio Web \u00e9: https:\/\/vipeon.es. Coment\u00e1rios Texto sugerido: Quando os visitantes deixam coment\u00e1rios no s\u00edtio Web, recolhemos os dados apresentados no formul\u00e1rio de coment\u00e1rio, bem como o endere\u00e7o IP do visitante e a cadeia de agentes do utilizador do navegador para ajudar na dete\u00e7\u00e3o de spam. Uma cadeia [&hellip;]","og_url":"https:\/\/vipeon.es\/pt-pt\/politica-de-privacidade\/","og_site_name":"Nutrici\u00f3n avanzada para perros.","article_publisher":"https:\/\/www.facebook.com\/profile.php?id=100050576705776","article_modified_time":"2024-02-16T19:24:52+00:00","twitter_card":"summary_large_image","twitter_misc":{"Tempo estimado de leitura":"4 minutos"},"schema":{"@context":"https:\/\/schema.org","@graph":[{"@type":"WebPage","@id":"https:\/\/vipeon.es\/pt-pt\/politica-de-privacidade\/","url":"https:\/\/vipeon.es\/pt-pt\/politica-de-privacidade\/","name":"Pol\u00edtica de privacidade - Nutrici\u00f3n avanzada para perros.","isPartOf":{"@id":"https:\/\/vipeon.es\/pt-pt\/#website"},"datePublished":"2024-02-09T06:00:24+00:00","dateModified":"2024-02-16T19:24:52+00:00","breadcrumb":{"@id":"https:\/\/vipeon.es\/pt-pt\/politica-de-privacidade\/#breadcrumb"},"inLanguage":"pt-PT","potentialAction":[{"@type":"ReadAction","target":["https:\/\/vipeon.es\/pt-pt\/politica-de-privacidade\/"]}]},{"@type":"BreadcrumbList","@id":"https:\/\/vipeon.es\/pt-pt\/politica-de-privacidade\/#breadcrumb","itemListElement":[{"@type":"ListItem","position":1,"name":"Portada","item":"https:\/\/vipeon.es\/pt-pt\/"},{"@type":"ListItem","position":2,"name":"Pol\u00edtica de privacidade"}]},{"@type":"WebSite","@id":"https:\/\/vipeon.es\/pt-pt\/#website","url":"https:\/\/vipeon.es\/pt-pt\/","name":"Vipeon Food Classic & Pro","description":"Conocimientos sobre cuidado y nutrici\u00f3n en los perros.","publisher":{"@id":"https:\/\/vipeon.es\/pt-pt\/#organization"},"potentialAction":[{"@type":"SearchAction","target":{"@type":"EntryPoint","urlTemplate":"https:\/\/vipeon.es\/pt-pt\/?s={search_term_string}"},"query-input":"required name=search_term_string"}],"inLanguage":"pt-PT"},{"@type":"Organization","@id":"https:\/\/vipeon.es\/pt-pt\/#organization","name":"Vipeon","url":"https:\/\/vipeon.es\/pt-pt\/","logo":{"@type":"ImageObject","inLanguage":"pt-PT","@id":"https:\/\/vipeon.es\/pt-pt\/#\/schema\/logo\/image\/","url":"https:\/\/vipeon.es\/wp-content\/uploads\/2024\/02\/Logo1-VIPEON-300x100-01.png","contentUrl":"https:\/\/vipeon.es\/wp-content\/uploads\/2024\/02\/Logo1-VIPEON-300x100-01.png","width":1250,"height":418,"caption":"Vipeon"},"image":{"@id":"https:\/\/vipeon.es\/pt-pt\/#\/schema\/logo\/image\/"},"sameAs":["https:\/\/www.facebook.com\/profile.php?id=100050576705776","https:\/\/www.instagram.com\/vipeon\/"]}]}},"_links":{"self":[{"href":"https:\/\/vipeon.es\/pt-pt\/wp-json\/wp\/v2\/pages\/316","targetHints":{"allow":["GET"]}}],"collection":[{"href":"https:\/\/vipeon.es\/pt-pt\/wp-json\/wp\/v2\/pages"}],"about":[{"href":"https:\/\/vipeon.es\/pt-pt\/wp-json\/wp\/v2\/types\/page"}],"author":[{"embeddable":true,"href":"https:\/\/vipeon.es\/pt-pt\/wp-json\/wp\/v2\/users\/1"}],"replies":[{"embeddable":true,"href":"https:\/\/vipeon.es\/pt-pt\/wp-json\/wp\/v2\/comments?post=316"}],"version-history":[{"count":2,"href":"https:\/\/vipeon.es\/pt-pt\/wp-json\/wp\/v2\/pages\/316\/revisions"}],"predecessor-version":[{"id":326,"href":"https:\/\/vipeon.es\/pt-pt\/wp-json\/wp\/v2\/pages\/316\/revisions\/326"}],"wp:attachment":[{"href":"https:\/\/vipeon.es\/pt-pt\/wp-json\/wp\/v2\/media?parent=316"}],"curies":[{"name":"wp","href":"https:\/\/api.w.org\/{rel}","templated":true}]}}