{"id":329,"date":"2024-02-12T18:14:17","date_gmt":"2024-02-12T17:14:17","guid":{"rendered":"https:\/\/vipeon.es\/quem-somos\/"},"modified":"2024-02-16T20:25:12","modified_gmt":"2024-02-16T19:25:12","slug":"quem-somos","status":"publish","type":"page","link":"https:\/\/vipeon.es\/pt-pt\/quem-somos\/","title":{"rendered":"Quem somos"},"content":{"rendered":"\t\t<div data-elementor-type=\"wp-page\" data-elementor-id=\"329\" class=\"elementor elementor-329 elementor-129\" data-elementor-post-type=\"page\">\n\t\t\t\t\t\t<section class=\"elementor-section elementor-top-section elementor-element elementor-element-e316c9b elementor-section-boxed elementor-section-height-default elementor-section-height-default\" data-id=\"e316c9b\" data-element_type=\"section\">\n\t\t\t\t\t\t<div class=\"elementor-container elementor-column-gap-default\">\n\t\t\t\t\t<div class=\"elementor-column elementor-col-50 elementor-top-column elementor-element elementor-element-6db5c7b\" data-id=\"6db5c7b\" data-element_type=\"column\">\n\t\t\t<div class=\"elementor-widget-wrap elementor-element-populated\">\n\t\t\t\t\t\t<div class=\"elementor-element elementor-element-0f0c915 elementor-widget elementor-widget-heading\" data-id=\"0f0c915\" data-element_type=\"widget\" data-widget_type=\"heading.default\">\n\t\t\t\t<div class=\"elementor-widget-container\">\n\t\t\t<style>\/*! elementor - v3.19.0 - 07-02-2024 *\/\n.elementor-heading-title{padding:0;margin:0;line-height:1}.elementor-widget-heading .elementor-heading-title[class*=elementor-size-]>a{color:inherit;font-size:inherit;line-height:inherit}.elementor-widget-heading .elementor-heading-title.elementor-size-small{font-size:15px}.elementor-widget-heading .elementor-heading-title.elementor-size-medium{font-size:19px}.elementor-widget-heading .elementor-heading-title.elementor-size-large{font-size:29px}.elementor-widget-heading .elementor-heading-title.elementor-size-xl{font-size:39px}.elementor-widget-heading .elementor-heading-title.elementor-size-xxl{font-size:59px}<\/style><h2 class=\"elementor-heading-title elementor-size-default\">Quem somos<\/h2>\t\t<\/div>\n\t\t\t\t<\/div>\n\t\t\t\t<div class=\"elementor-element elementor-element-3dff71f elementor-widget elementor-widget-text-editor\" data-id=\"3dff71f\" data-element_type=\"widget\" data-widget_type=\"text-editor.default\">\n\t\t\t\t<div class=\"elementor-widget-container\">\n\t\t\t<style>\/*! elementor - v3.19.0 - 07-02-2024 *\/\n.elementor-widget-text-editor.elementor-drop-cap-view-stacked .elementor-drop-cap{background-color:#69727d;color:#fff}.elementor-widget-text-editor.elementor-drop-cap-view-framed .elementor-drop-cap{color:#69727d;border:3px solid;background-color:transparent}.elementor-widget-text-editor:not(.elementor-drop-cap-view-default) .elementor-drop-cap{margin-top:8px}.elementor-widget-text-editor:not(.elementor-drop-cap-view-default) .elementor-drop-cap-letter{width:1em;height:1em}.elementor-widget-text-editor .elementor-drop-cap{float:left;text-align:center;line-height:1;font-size:50px}.elementor-widget-text-editor .elementor-drop-cap-letter{display:inline-block}<\/style>\t\t\t\t<p><strong>VIPEON\u00ae<\/strong>destaca-se como um n\u00facleo zool\u00f3gico e centro de reprodu\u00e7\u00e3o especializado em <em>American Bully<\/em> desde 2009, apoiado por instala\u00e7\u00f5es de classe mundial e uma dedica\u00e7\u00e3o excecional \u00e0 excel\u00eancia. O nosso orgulho baseia-se em <strong>Gran Daly<\/strong>, um campe\u00e3o reconhecido internacionalmente que representa a qualidade da nossa linha de cria\u00e7\u00e3o e a ess\u00eancia da nossa &#8220;Original Brand&#8221; Vipeon.<\/p>\n\t\t\t\t\t\t<\/div>\n\t\t\t\t<\/div>\n\t\t\t\t<div class=\"elementor-element elementor-element-2e07b7b elementor-widget elementor-widget-image\" data-id=\"2e07b7b\" data-element_type=\"widget\" data-widget_type=\"image.default\">\n\t\t\t\t<div class=\"elementor-widget-container\">\n\t\t\t<style>\/*! elementor - v3.19.0 - 07-02-2024 *\/\n.elementor-widget-image{text-align:center}.elementor-widget-image a{display:inline-block}.elementor-widget-image a img[src$=\".svg\"]{width:48px}.elementor-widget-image img{vertical-align:middle;display:inline-block}<\/style>\t\t\t\t\t\t\t\t\t\t<img fetchpriority=\"high\" decoding=\"async\" width=\"300\" height=\"300\" src=\"https:\/\/vipeon.es\/wp-content\/uploads\/2024\/02\/Logo-original-VIPEON-02-300x300.png\" class=\"attachment-medium size-medium wp-image-255\" alt=\"\" srcset=\"https:\/\/vipeon.es\/wp-content\/uploads\/2024\/02\/Logo-original-VIPEON-02-300x300.png 300w, https:\/\/vipeon.es\/wp-content\/uploads\/2024\/02\/Logo-original-VIPEON-02-150x150.png 150w, https:\/\/vipeon.es\/wp-content\/uploads\/2024\/02\/Logo-original-VIPEON-02.png 543w\" sizes=\"(max-width: 300px) 100vw, 300px\" \/>\t\t\t\t\t\t\t\t\t\t\t\t\t<\/div>\n\t\t\t\t<\/div>\n\t\t\t\t<div class=\"elementor-element elementor-element-52aedb2 elementor-widget elementor-widget-text-editor\" data-id=\"52aedb2\" data-element_type=\"widget\" data-widget_type=\"text-editor.default\">\n\t\t\t\t<div class=\"elementor-widget-container\">\n\t\t\t\t\t\t\t<p><b>Great Daly,<\/b> mais do que um s\u00edmbolo da ra\u00e7a pura e dominante, representa a base da nossa prestigiada linha de sangue, aclamada na Am\u00e9rica, Europa e \u00c1sia. Desde a sua coroa\u00e7\u00e3o nos EUA como ABKC CH at\u00e9 aos m\u00faltiplos pr\u00e9mios internacionais, o seu legado consolida a nossa posi\u00e7\u00e3o global na arena do American Bully.<\/p>\n\t\t\t\t\t\t<\/div>\n\t\t\t\t<\/div>\n\t\t\t\t<section class=\"elementor-section elementor-inner-section elementor-element elementor-element-3c43f51 elementor-section-boxed elementor-section-height-default elementor-section-height-default\" data-id=\"3c43f51\" data-element_type=\"section\">\n\t\t\t\t\t\t<div class=\"elementor-container elementor-column-gap-default\">\n\t\t\t\t\t<div class=\"elementor-column elementor-col-50 elementor-inner-column elementor-element elementor-element-0ec3e2c\" data-id=\"0ec3e2c\" data-element_type=\"column\">\n\t\t\t<div class=\"elementor-widget-wrap elementor-element-populated\">\n\t\t\t\t\t\t<div class=\"elementor-element elementor-element-c7a4a72 elementor-widget elementor-widget-image\" data-id=\"c7a4a72\" data-element_type=\"widget\" data-widget_type=\"image.default\">\n\t\t\t\t<div class=\"elementor-widget-container\">\n\t\t\t\t\t\t\t\t\t\t\t\t\t<img decoding=\"async\" width=\"225\" height=\"225\" src=\"https:\/\/vipeon.es\/wp-content\/uploads\/2024\/02\/descarga-copia.png\" class=\"attachment-large size-large wp-image-269\" alt=\"\" srcset=\"https:\/\/vipeon.es\/wp-content\/uploads\/2024\/02\/descarga-copia.png 225w, https:\/\/vipeon.es\/wp-content\/uploads\/2024\/02\/descarga-copia-150x150.png 150w\" sizes=\"(max-width: 225px) 100vw, 225px\" \/>\t\t\t\t\t\t\t\t\t\t\t\t\t<\/div>\n\t\t\t\t<\/div>\n\t\t\t\t\t<\/div>\n\t\t<\/div>\n\t\t\t\t<div class=\"elementor-column elementor-col-50 elementor-inner-column elementor-element elementor-element-e32d903\" data-id=\"e32d903\" data-element_type=\"column\">\n\t\t\t<div class=\"elementor-widget-wrap elementor-element-populated\">\n\t\t\t\t\t\t<div class=\"elementor-element elementor-element-b3b7e59 elementor-widget elementor-widget-image\" data-id=\"b3b7e59\" data-element_type=\"widget\" data-widget_type=\"image.default\">\n\t\t\t\t<div class=\"elementor-widget-container\">\n\t\t\t\t\t\t\t\t\t\t\t\t\t<img decoding=\"async\" width=\"225\" height=\"225\" src=\"https:\/\/vipeon.es\/wp-content\/uploads\/2024\/02\/descarga-copia2.png\" class=\"attachment-large size-large wp-image-275\" alt=\"\" srcset=\"https:\/\/vipeon.es\/wp-content\/uploads\/2024\/02\/descarga-copia2.png 225w, https:\/\/vipeon.es\/wp-content\/uploads\/2024\/02\/descarga-copia2-150x150.png 150w\" sizes=\"(max-width: 225px) 100vw, 225px\" \/>\t\t\t\t\t\t\t\t\t\t\t\t\t<\/div>\n\t\t\t\t<\/div>\n\t\t\t\t\t<\/div>\n\t\t<\/div>\n\t\t\t\t\t<\/div>\n\t\t<\/section>\n\t\t\t\t<div class=\"elementor-element elementor-element-1ef4855 elementor-widget elementor-widget-image\" data-id=\"1ef4855\" data-element_type=\"widget\" data-widget_type=\"image.default\">\n\t\t\t\t<div class=\"elementor-widget-container\">\n\t\t\t\t\t\t\t\t\t\t\t\t\t<img loading=\"lazy\" decoding=\"async\" width=\"800\" height=\"484\" src=\"https:\/\/vipeon.es\/wp-content\/uploads\/2024\/02\/Gran-Dali-1024x619.jpg\" class=\"attachment-large size-large wp-image-133\" alt=\"\" srcset=\"https:\/\/vipeon.es\/wp-content\/uploads\/2024\/02\/Gran-Dali-1024x619.jpg 1024w, https:\/\/vipeon.es\/wp-content\/uploads\/2024\/02\/Gran-Dali-300x181.jpg 300w, https:\/\/vipeon.es\/wp-content\/uploads\/2024\/02\/Gran-Dali-768x464.jpg 768w, https:\/\/vipeon.es\/wp-content\/uploads\/2024\/02\/Gran-Dali-1536x928.jpg 1536w, https:\/\/vipeon.es\/wp-content\/uploads\/2024\/02\/Gran-Dali-2048x1238.jpg 2048w\" sizes=\"(max-width: 800px) 100vw, 800px\" \/>\t\t\t\t\t\t\t\t\t\t\t\t\t<\/div>\n\t\t\t\t<\/div>\n\t\t\t\t<div class=\"elementor-element elementor-element-88be6cf elementor-widget elementor-widget-text-editor\" data-id=\"88be6cf\" data-element_type=\"widget\" data-widget_type=\"text-editor.default\">\n\t\t\t\t<div class=\"elementor-widget-container\">\n\t\t\t\t\t\t\t<p><span style=\"color: var( --e-global-color-text );\">O nosso compromisso com o bem-estar e a excel\u00eancia dos animais levou-nos a criar <\/span><strong style=\"color: var( --e-global-color-text );\">VIPEON<\/strong><span style=\"color: var( --e-global-color-text );\"> Original Brand, dedicada \u00e0 venda de c\u00e3es American Bully de ra\u00e7a pura e ao desenvolvimento de marcas alimentares especializadas. <\/span> <\/p>\n\t\t\t\t\t\t<\/div>\n\t\t\t\t<\/div>\n\t\t\t\t\t<\/div>\n\t\t<\/div>\n\t\t\t\t<div class=\"elementor-column elementor-col-50 elementor-top-column elementor-element elementor-element-eda444f\" data-id=\"eda444f\" data-element_type=\"column\">\n\t\t\t<div class=\"elementor-widget-wrap elementor-element-populated\">\n\t\t\t\t\t\t<div class=\"elementor-element elementor-element-633cdff elementor-widget elementor-widget-image\" data-id=\"633cdff\" data-element_type=\"widget\" data-widget_type=\"image.default\">\n\t\t\t\t<div class=\"elementor-widget-container\">\n\t\t\t\t\t\t\t\t\t\t\t\t\t<img loading=\"lazy\" decoding=\"async\" width=\"800\" height=\"605\" src=\"https:\/\/vipeon.es\/wp-content\/uploads\/2024\/02\/dali2-1024x775.jpg\" class=\"attachment-large size-large wp-image-130\" alt=\"\" srcset=\"https:\/\/vipeon.es\/wp-content\/uploads\/2024\/02\/dali2-1024x775.jpg 1024w, https:\/\/vipeon.es\/wp-content\/uploads\/2024\/02\/dali2-300x227.jpg 300w, https:\/\/vipeon.es\/wp-content\/uploads\/2024\/02\/dali2-768x581.jpg 768w, https:\/\/vipeon.es\/wp-content\/uploads\/2024\/02\/dali2.jpg 1396w\" sizes=\"(max-width: 800px) 100vw, 800px\" \/>\t\t\t\t\t\t\t\t\t\t\t\t\t<\/div>\n\t\t\t\t<\/div>\n\t\t\t\t<div class=\"elementor-element elementor-element-c642631 elementor-widget elementor-widget-text-editor\" data-id=\"c642631\" data-element_type=\"widget\" data-widget_type=\"text-editor.default\">\n\t\t\t\t<div class=\"elementor-widget-container\">\n\t\t\t\t\t\t\t<p>Reconhecendo a import\u00e2ncia de uma dieta equilibrada, lan\u00e7\u00e1mos <strong>vipeon classic<\/strong>, uma linha de alimentos h\u00famidos e secos concebida para ra\u00e7as grandes e touros, e <strong>vipeon pro<\/strong>, a nossa inova\u00e7\u00e3o em nutri\u00e7\u00e3o para c\u00e3es de companhia de todos os tamanhos e ra\u00e7as. Estamos empenhados em fornecer produtos da mais alta qualidade, formulados para promover a sa\u00fade, a energia e a longevidade dos nossos parceiros.<\/p>\n<p>A nossa experi\u00eancia na cria\u00e7\u00e3o de campe\u00f5es como <strong>Gran Daly<\/strong> e o nosso sucesso em competi\u00e7\u00f5es internacionais reflectem o nosso compromisso com a excel\u00eancia n\u00e3o s\u00f3 na cria\u00e7\u00e3o, mas tamb\u00e9m na nutri\u00e7\u00e3o e alimenta\u00e7\u00e3o dos &#8220;animais de estima\u00e7\u00e3o&#8221;.<\/p>\n<p><span style=\"color: var( --e-global-color-text );\">Em <\/span><strong style=\"color: var( --e-global-color-text );\">VIPEON<\/strong><span style=\"color: var( --e-global-color-text );\">acreditamos que uma alimenta\u00e7\u00e3o de qualidade \u00e9 a base para uma vida plena e saud\u00e1vel dos seus companheiros de quatro patas.<\/span><\/p>\n\t\t\t\t\t\t<\/div>\n\t\t\t\t<\/div>\n\t\t\t\t<div class=\"elementor-element elementor-element-3e3c2b0 elementor-widget elementor-widget-image\" data-id=\"3e3c2b0\" data-element_type=\"widget\" data-widget_type=\"image.default\">\n\t\t\t\t<div class=\"elementor-widget-container\">\n\t\t\t\t\t\t\t\t\t\t\t\t\t<img loading=\"lazy\" decoding=\"async\" width=\"730\" height=\"1024\" src=\"https:\/\/vipeon.es\/wp-content\/uploads\/2024\/02\/image0-730x1024.jpeg\" class=\"attachment-large size-large wp-image-284\" alt=\"\" srcset=\"https:\/\/vipeon.es\/wp-content\/uploads\/2024\/02\/image0-730x1024.jpeg 730w, https:\/\/vipeon.es\/wp-content\/uploads\/2024\/02\/image0-214x300.jpeg 214w, https:\/\/vipeon.es\/wp-content\/uploads\/2024\/02\/image0-768x1078.jpeg 768w, https:\/\/vipeon.es\/wp-content\/uploads\/2024\/02\/image0-1094x1536.jpeg 1094w, https:\/\/vipeon.es\/wp-content\/uploads\/2024\/02\/image0.jpeg 1140w\" sizes=\"(max-width: 730px) 100vw, 730px\" \/>\t\t\t\t\t\t\t\t\t\t\t\t\t<\/div>\n\t\t\t\t<\/div>\n\t\t\t\t\t<\/div>\n\t\t<\/div>\n\t\t\t\t\t<\/div>\n\t\t<\/section>\n\t\t\t\t<\/div>\n\t\t","protected":false},"excerpt":{"rendered":"<p>Quem somos VIPEON\u00aedestaca-se como um n\u00facleo zool\u00f3gico e centro de reprodu\u00e7\u00e3o especializado em American Bully desde 2009, apoiado por instala\u00e7\u00f5es de classe mundial e uma dedica\u00e7\u00e3o excecional \u00e0 excel\u00eancia. O nosso orgulho baseia-se em Gran Daly, um campe\u00e3o reconhecido internacionalmente que representa a qualidade da nossa linha de cria\u00e7\u00e3o e a ess\u00eancia da nossa &#8220;Original [&hellip;]<\/p>\n","protected":false},"author":1,"featured_media":0,"parent":0,"menu_order":0,"comment_status":"closed","ping_status":"closed","template":"","meta":{"_acf_changed":false,"footnotes":""},"class_list":["post-329","page","type-page","status-publish","hentry"],"acf":[],"yoast_head":"<!-- This site is optimized with the Yoast SEO plugin v22.0 - https:\/\/yoast.com\/wordpress\/plugins\/seo\/ -->\n<title>Quem somos - Nutrici\u00f3n avanzada para perros.<\/title>\n<meta name=\"robots\" content=\"index, follow, max-snippet:-1, max-image-preview:large, max-video-preview:-1\" \/>\n<link rel=\"canonical\" href=\"https:\/\/vipeon.es\/pt-pt\/quem-somos\/\" \/>\n<meta property=\"og:locale\" content=\"pt_PT\" \/>\n<meta property=\"og:type\" content=\"article\" \/>\n<meta property=\"og:title\" content=\"Quem somos - Nutrici\u00f3n avanzada para perros.\" \/>\n<meta property=\"og:description\" content=\"Quem somos VIPEON\u00aedestaca-se como um n\u00facleo zool\u00f3gico e centro de reprodu\u00e7\u00e3o especializado em American Bully desde 2009, apoiado por instala\u00e7\u00f5es de classe mundial e uma dedica\u00e7\u00e3o excecional \u00e0 excel\u00eancia. O nosso orgulho baseia-se em Gran Daly, um campe\u00e3o reconhecido internacionalmente que representa a qualidade da nossa linha de cria\u00e7\u00e3o e a ess\u00eancia da nossa &#8220;Original [&hellip;]\" \/>\n<meta property=\"og:url\" content=\"https:\/\/vipeon.es\/pt-pt\/quem-somos\/\" \/>\n<meta property=\"og:site_name\" content=\"Nutrici\u00f3n avanzada para perros.\" \/>\n<meta property=\"article:publisher\" content=\"https:\/\/www.facebook.com\/profile.php?id=100050576705776\" \/>\n<meta property=\"article:modified_time\" content=\"2024-02-16T19:25:12+00:00\" \/>\n<meta property=\"og:image\" content=\"https:\/\/vipeon.es\/wp-content\/uploads\/2024\/02\/Logo-original-VIPEON-02-300x300.png\" \/>\n<meta name=\"twitter:card\" content=\"summary_large_image\" \/>\n<meta name=\"twitter:label1\" content=\"Tempo estimado de leitura\" \/>\n\t<meta name=\"twitter:data1\" content=\"2 minutos\" \/>\n<script type=\"application\/ld+json\" class=\"yoast-schema-graph\">{\"@context\":\"https:\/\/schema.org\",\"@graph\":[{\"@type\":\"WebPage\",\"@id\":\"https:\/\/vipeon.es\/pt-pt\/quem-somos\/\",\"url\":\"https:\/\/vipeon.es\/pt-pt\/quem-somos\/\",\"name\":\"Quem somos - Nutrici\u00f3n avanzada para perros.\",\"isPartOf\":{\"@id\":\"https:\/\/vipeon.es\/pt-pt\/#website\"},\"datePublished\":\"2024-02-12T17:14:17+00:00\",\"dateModified\":\"2024-02-16T19:25:12+00:00\",\"breadcrumb\":{\"@id\":\"https:\/\/vipeon.es\/pt-pt\/quem-somos\/#breadcrumb\"},\"inLanguage\":\"pt-PT\",\"potentialAction\":[{\"@type\":\"ReadAction\",\"target\":[\"https:\/\/vipeon.es\/pt-pt\/quem-somos\/\"]}]},{\"@type\":\"BreadcrumbList\",\"@id\":\"https:\/\/vipeon.es\/pt-pt\/quem-somos\/#breadcrumb\",\"itemListElement\":[{\"@type\":\"ListItem\",\"position\":1,\"name\":\"Portada\",\"item\":\"https:\/\/vipeon.es\/pt-pt\/\"},{\"@type\":\"ListItem\",\"position\":2,\"name\":\"Quem somos\"}]},{\"@type\":\"WebSite\",\"@id\":\"https:\/\/vipeon.es\/pt-pt\/#website\",\"url\":\"https:\/\/vipeon.es\/pt-pt\/\",\"name\":\"Vipeon Food Classic & Pro\",\"description\":\"Conocimientos sobre cuidado y nutrici\u00f3n en los perros.\",\"publisher\":{\"@id\":\"https:\/\/vipeon.es\/pt-pt\/#organization\"},\"potentialAction\":[{\"@type\":\"SearchAction\",\"target\":{\"@type\":\"EntryPoint\",\"urlTemplate\":\"https:\/\/vipeon.es\/pt-pt\/?s={search_term_string}\"},\"query-input\":\"required name=search_term_string\"}],\"inLanguage\":\"pt-PT\"},{\"@type\":\"Organization\",\"@id\":\"https:\/\/vipeon.es\/pt-pt\/#organization\",\"name\":\"Vipeon\",\"url\":\"https:\/\/vipeon.es\/pt-pt\/\",\"logo\":{\"@type\":\"ImageObject\",\"inLanguage\":\"pt-PT\",\"@id\":\"https:\/\/vipeon.es\/pt-pt\/#\/schema\/logo\/image\/\",\"url\":\"https:\/\/vipeon.es\/wp-content\/uploads\/2024\/02\/Logo1-VIPEON-300x100-01.png\",\"contentUrl\":\"https:\/\/vipeon.es\/wp-content\/uploads\/2024\/02\/Logo1-VIPEON-300x100-01.png\",\"width\":1250,\"height\":418,\"caption\":\"Vipeon\"},\"image\":{\"@id\":\"https:\/\/vipeon.es\/pt-pt\/#\/schema\/logo\/image\/\"},\"sameAs\":[\"https:\/\/www.facebook.com\/profile.php?id=100050576705776\",\"https:\/\/www.instagram.com\/vipeon\/\"]}]}<\/script>\n<!-- \/ Yoast SEO plugin. -->","yoast_head_json":{"title":"Quem somos - Nutrici\u00f3n avanzada para perros.","robots":{"index":"index","follow":"follow","max-snippet":"max-snippet:-1","max-image-preview":"max-image-preview:large","max-video-preview":"max-video-preview:-1"},"canonical":"https:\/\/vipeon.es\/pt-pt\/quem-somos\/","og_locale":"pt_PT","og_type":"article","og_title":"Quem somos - Nutrici\u00f3n avanzada para perros.","og_description":"Quem somos VIPEON\u00aedestaca-se como um n\u00facleo zool\u00f3gico e centro de reprodu\u00e7\u00e3o especializado em American Bully desde 2009, apoiado por instala\u00e7\u00f5es de classe mundial e uma dedica\u00e7\u00e3o excecional \u00e0 excel\u00eancia. O nosso orgulho baseia-se em Gran Daly, um campe\u00e3o reconhecido internacionalmente que representa a qualidade da nossa linha de cria\u00e7\u00e3o e a ess\u00eancia da nossa &#8220;Original [&hellip;]","og_url":"https:\/\/vipeon.es\/pt-pt\/quem-somos\/","og_site_name":"Nutrici\u00f3n avanzada para perros.","article_publisher":"https:\/\/www.facebook.com\/profile.php?id=100050576705776","article_modified_time":"2024-02-16T19:25:12+00:00","og_image":[{"url":"https:\/\/vipeon.es\/wp-content\/uploads\/2024\/02\/Logo-original-VIPEON-02-300x300.png"}],"twitter_card":"summary_large_image","twitter_misc":{"Tempo estimado de leitura":"2 minutos"},"schema":{"@context":"https:\/\/schema.org","@graph":[{"@type":"WebPage","@id":"https:\/\/vipeon.es\/pt-pt\/quem-somos\/","url":"https:\/\/vipeon.es\/pt-pt\/quem-somos\/","name":"Quem somos - Nutrici\u00f3n avanzada para perros.","isPartOf":{"@id":"https:\/\/vipeon.es\/pt-pt\/#website"},"datePublished":"2024-02-12T17:14:17+00:00","dateModified":"2024-02-16T19:25:12+00:00","breadcrumb":{"@id":"https:\/\/vipeon.es\/pt-pt\/quem-somos\/#breadcrumb"},"inLanguage":"pt-PT","potentialAction":[{"@type":"ReadAction","target":["https:\/\/vipeon.es\/pt-pt\/quem-somos\/"]}]},{"@type":"BreadcrumbList","@id":"https:\/\/vipeon.es\/pt-pt\/quem-somos\/#breadcrumb","itemListElement":[{"@type":"ListItem","position":1,"name":"Portada","item":"https:\/\/vipeon.es\/pt-pt\/"},{"@type":"ListItem","position":2,"name":"Quem somos"}]},{"@type":"WebSite","@id":"https:\/\/vipeon.es\/pt-pt\/#website","url":"https:\/\/vipeon.es\/pt-pt\/","name":"Vipeon Food Classic & Pro","description":"Conocimientos sobre cuidado y nutrici\u00f3n en los perros.","publisher":{"@id":"https:\/\/vipeon.es\/pt-pt\/#organization"},"potentialAction":[{"@type":"SearchAction","target":{"@type":"EntryPoint","urlTemplate":"https:\/\/vipeon.es\/pt-pt\/?s={search_term_string}"},"query-input":"required name=search_term_string"}],"inLanguage":"pt-PT"},{"@type":"Organization","@id":"https:\/\/vipeon.es\/pt-pt\/#organization","name":"Vipeon","url":"https:\/\/vipeon.es\/pt-pt\/","logo":{"@type":"ImageObject","inLanguage":"pt-PT","@id":"https:\/\/vipeon.es\/pt-pt\/#\/schema\/logo\/image\/","url":"https:\/\/vipeon.es\/wp-content\/uploads\/2024\/02\/Logo1-VIPEON-300x100-01.png","contentUrl":"https:\/\/vipeon.es\/wp-content\/uploads\/2024\/02\/Logo1-VIPEON-300x100-01.png","width":1250,"height":418,"caption":"Vipeon"},"image":{"@id":"https:\/\/vipeon.es\/pt-pt\/#\/schema\/logo\/image\/"},"sameAs":["https:\/\/www.facebook.com\/profile.php?id=100050576705776","https:\/\/www.instagram.com\/vipeon\/"]}]}},"_links":{"self":[{"href":"https:\/\/vipeon.es\/pt-pt\/wp-json\/wp\/v2\/pages\/329","targetHints":{"allow":["GET"]}}],"collection":[{"href":"https:\/\/vipeon.es\/pt-pt\/wp-json\/wp\/v2\/pages"}],"about":[{"href":"https:\/\/vipeon.es\/pt-pt\/wp-json\/wp\/v2\/types\/page"}],"author":[{"embeddable":true,"href":"https:\/\/vipeon.es\/pt-pt\/wp-json\/wp\/v2\/users\/1"}],"replies":[{"embeddable":true,"href":"https:\/\/vipeon.es\/pt-pt\/wp-json\/wp\/v2\/comments?post=329"}],"version-history":[{"count":4,"href":"https:\/\/vipeon.es\/pt-pt\/wp-json\/wp\/v2\/pages\/329\/revisions"}],"predecessor-version":[{"id":348,"href":"https:\/\/vipeon.es\/pt-pt\/wp-json\/wp\/v2\/pages\/329\/revisions\/348"}],"wp:attachment":[{"href":"https:\/\/vipeon.es\/pt-pt\/wp-json\/wp\/v2\/media?parent=329"}],"curies":[{"name":"wp","href":"https:\/\/api.w.org\/{rel}","templated":true}]}}